{"id":5630,"date":"2026-02-02T15:29:26","date_gmt":"2026-02-02T14:29:26","guid":{"rendered":"https:\/\/aragorputz.eus\/?page_id=5630"},"modified":"2026-02-02T16:12:41","modified_gmt":"2026-02-02T15:12:41","slug":"lineas-de-actuacion","status":"publish","type":"page","link":"https:\/\/aragorputz.eus\/es\/lineas-de-actuacion\/","title":{"rendered":"L\u00edneas de actuaci\u00f3n"},"content":{"rendered":"\t\t<div data-elementor-type=\"wp-page\" data-elementor-id=\"5630\" class=\"elementor elementor-5630\" data-elementor-post-type=\"page\">\n\t\t\t\t<div class=\"elementor-element elementor-element-e38b4e7 e-flex e-con-boxed e-con e-parent\" data-id=\"e38b4e7\" data-element_type=\"container\" data-e-type=\"container\" data-settings=\"{&quot;background_background&quot;:&quot;classic&quot;,&quot;shape_divider_bottom&quot;:&quot;mountains&quot;}\">\n\t\t\t\t\t<div class=\"e-con-inner\">\n\t\t\t\t<div class=\"elementor-shape elementor-shape-bottom\" aria-hidden=\"true\" data-negative=\"false\">\n\t\t\t<svg xmlns=\"http:\/\/www.w3.org\/2000\/svg\" viewBox=\"0 0 1000 100\" preserveAspectRatio=\"none\">\n\t<path class=\"elementor-shape-fill\" opacity=\"0.33\" d=\"M473,67.3c-203.9,88.3-263.1-34-320.3,0C66,119.1,0,59.7,0,59.7V0h1000v59.7 c0,0-62.1,26.1-94.9,29.3c-32.8,3.3-62.8-12.3-75.8-22.1C806,49.6,745.3,8.7,694.9,4.7S492.4,59,473,67.3z\"\/>\n\t<path class=\"elementor-shape-fill\" opacity=\"0.66\" d=\"M734,67.3c-45.5,0-77.2-23.2-129.1-39.1c-28.6-8.7-150.3-10.1-254,39.1 s-91.7-34.4-149.2,0C115.7,118.3,0,39.8,0,39.8V0h1000v36.5c0,0-28.2-18.5-92.1-18.5C810.2,18.1,775.7,67.3,734,67.3z\"\/>\n\t<path class=\"elementor-shape-fill\" d=\"M766.1,28.9c-200-57.5-266,65.5-395.1,19.5C242,1.8,242,5.4,184.8,20.6C128,35.8,132.3,44.9,89.9,52.5C28.6,63.7,0,0,0,0 h1000c0,0-9.9,40.9-83.6,48.1S829.6,47,766.1,28.9z\"\/>\n<\/svg>\t\t<\/div>\n\t\t<div class=\"elementor-element elementor-element-4f09748 e-con-full e-flex e-con e-child\" data-id=\"4f09748\" data-element_type=\"container\" data-e-type=\"container\">\n\t\t\t\t<div class=\"elementor-element elementor-element-a5269e4 elementor-widget__width-initial elementor-widget elementor-widget-heading\" data-id=\"a5269e4\" data-element_type=\"widget\" data-e-type=\"widget\" data-widget_type=\"heading.default\">\n\t\t\t\t<div class=\"elementor-widget-container\">\n\t\t\t\t\t<h1 class=\"elementor-heading-title elementor-size-default\">L\u00edneas de actuaci\u00f3n<\/h1>\t\t\t\t<\/div>\n\t\t\t\t<\/div>\n\t\t\t\t<\/div>\n\t\t\t\t\t<\/div>\n\t\t\t\t<\/div>\n\t\t\t\t<section class=\"elementor-section elementor-top-section elementor-element elementor-element-cfc91d7 elementor-section-boxed elementor-section-height-default elementor-section-height-default\" data-id=\"cfc91d7\" data-element_type=\"section\" data-e-type=\"section\" data-settings=\"{&quot;background_background&quot;:&quot;classic&quot;}\">\n\t\t\t\t\t\t<div class=\"elementor-container elementor-column-gap-default\">\n\t\t\t\t\t<div class=\"elementor-column elementor-col-100 elementor-top-column elementor-element elementor-element-4fbafc2\" data-id=\"4fbafc2\" data-element_type=\"column\" data-e-type=\"column\">\n\t\t\t<div class=\"elementor-widget-wrap elementor-element-populated\">\n\t\t\t\t\t\t<section class=\"elementor-section elementor-inner-section elementor-element elementor-element-632567f elementor-section-boxed elementor-section-height-default elementor-section-height-default\" data-id=\"632567f\" data-element_type=\"section\" data-e-type=\"section\">\n\t\t\t\t\t\t<div class=\"elementor-container elementor-column-gap-default\">\n\t\t\t\t\t<div class=\"elementor-column elementor-col-25 elementor-inner-column elementor-element elementor-element-4b29117\" data-id=\"4b29117\" data-element_type=\"column\" data-e-type=\"column\">\n\t\t\t<div class=\"elementor-widget-wrap elementor-element-populated\">\n\t\t\t\t\t\t<div class=\"elementor-element elementor-element-e5634c6 elementor-position-top elementor-widget elementor-widget-image-box\" data-id=\"e5634c6\" data-element_type=\"widget\" data-e-type=\"widget\" data-widget_type=\"image-box.default\">\n\t\t\t\t<div class=\"elementor-widget-container\">\n\t\t\t\t\t<div class=\"elementor-image-box-wrapper\"><figure class=\"elementor-image-box-img\"><img fetchpriority=\"high\" decoding=\"async\" width=\"1749\" height=\"1749\" src=\"https:\/\/aragorputz.eus\/wp-content\/uploads\/2024\/02\/Sumendia.png\" class=\"attachment-full size-full wp-image-4373\" alt=\"\" srcset=\"https:\/\/aragorputz.eus\/wp-content\/uploads\/2024\/02\/Sumendia.png 1749w, https:\/\/aragorputz.eus\/wp-content\/uploads\/2024\/02\/Sumendia-300x300.png 300w, https:\/\/aragorputz.eus\/wp-content\/uploads\/2024\/02\/Sumendia-1024x1024.png 1024w, https:\/\/aragorputz.eus\/wp-content\/uploads\/2024\/02\/Sumendia-150x150.png 150w, https:\/\/aragorputz.eus\/wp-content\/uploads\/2024\/02\/Sumendia-768x768.png 768w, https:\/\/aragorputz.eus\/wp-content\/uploads\/2024\/02\/Sumendia-1536x1536.png 1536w, https:\/\/aragorputz.eus\/wp-content\/uploads\/2024\/02\/Sumendia-600x600.png 600w\" sizes=\"(max-width: 1749px) 100vw, 1749px\" \/><\/figure><div class=\"elementor-image-box-content\"><h2 class=\"elementor-image-box-title\">Cultura menstrual: (y cultura c\u00edclica)<\/h2><p class=\"elementor-image-box-description\">La ciclicidad esta muy presente en las vidas de quienes nacemos con \u00fatero. Desde la menarquia (primera menstruaci\u00f3n), pasando por la etapa c\u00edclica (con sus fases y arquetipos), hasta llegar al climaterio y terminar con la menopausia, existe toda una cultura que nace de nuestros \u00fateros y procesos c\u00edclicos. A todos estos saberes, les denominamos cultura menstrual o cultura c\u00edclica. Y para trabajarlos, desde la cooperativa Ara!Gorputz, trabajamos con diferentes grupos sociales, como son las criaturas en el contexto del cole y quienes les acompa\u00f1an o diversos grupos de mujeres de distintas edades.<br><br>En esta secci\u00f3n compartimos recursos para trabajar cada una de estas etapas, y en los diferentes \u00e1mbitos sociales.<\/p><\/div><\/div>\t\t\t\t<\/div>\n\t\t\t\t<\/div>\n\t\t\t\t\t<\/div>\n\t\t<\/div>\n\t\t\t\t<div class=\"elementor-column elementor-col-25 elementor-inner-column elementor-element elementor-element-4f98d4c\" data-id=\"4f98d4c\" data-element_type=\"column\" data-e-type=\"column\">\n\t\t\t<div class=\"elementor-widget-wrap elementor-element-populated\">\n\t\t\t\t\t\t<div class=\"elementor-element elementor-element-57c6874 elementor-position-top elementor-widget elementor-widget-image-box\" data-id=\"57c6874\" data-element_type=\"widget\" data-e-type=\"widget\" data-widget_type=\"image-box.default\">\n\t\t\t\t<div class=\"elementor-widget-container\">\n\t\t\t\t\t<div class=\"elementor-image-box-wrapper\"><figure class=\"elementor-image-box-img\"><img decoding=\"async\" width=\"1536\" height=\"1536\" src=\"https:\/\/aragorputz.eus\/wp-content\/uploads\/2025\/11\/Lagunak.png\" class=\"attachment-full size-full wp-image-4374\" alt=\"\" srcset=\"https:\/\/aragorputz.eus\/wp-content\/uploads\/2025\/11\/Lagunak.png 1536w, https:\/\/aragorputz.eus\/wp-content\/uploads\/2025\/11\/Lagunak-800x800.png 800w, https:\/\/aragorputz.eus\/wp-content\/uploads\/2025\/11\/Lagunak-600x600.png 600w, https:\/\/aragorputz.eus\/wp-content\/uploads\/2025\/11\/Lagunak-768x768.png 768w\" sizes=\"(max-width: 1536px) 100vw, 1536px\" \/><\/figure><div class=\"elementor-image-box-content\"><h2 class=\"elementor-image-box-title\">Econom\u00eda feminista<\/h2><p class=\"elementor-image-box-description\">En un sistema capitalista, patriarcal y colonial como lo es el nuestro, la perspectiva de la econom\u00eda feminista nos ayuda a visibilizar y a poner en valor todo eso que no es visible o esta invisilizado, como lo son los trabajos de cuidados, la divisi\u00f3n sexual del trabajo que aun hoy en d\u00eda opera y \u2018todas esas tareas\u2019 que hacemos para sostener la vida que muchas veces no son ni remuneradas ni valoradas.<br><br>En esta secci\u00f3n compartimos recursos para trabajar este tema.<\/p><\/div><\/div>\t\t\t\t<\/div>\n\t\t\t\t<\/div>\n\t\t\t\t\t<\/div>\n\t\t<\/div>\n\t\t\t\t<div class=\"elementor-column elementor-col-25 elementor-inner-column elementor-element elementor-element-32cbf65\" data-id=\"32cbf65\" data-element_type=\"column\" data-e-type=\"column\">\n\t\t\t<div class=\"elementor-widget-wrap elementor-element-populated\">\n\t\t\t\t\t\t<div class=\"elementor-element elementor-element-7b0288c elementor-position-top elementor-widget elementor-widget-image-box\" data-id=\"7b0288c\" data-element_type=\"widget\" data-e-type=\"widget\" data-widget_type=\"image-box.default\">\n\t\t\t\t<div class=\"elementor-widget-container\">\n\t\t\t\t\t<div class=\"elementor-image-box-wrapper\"><figure class=\"elementor-image-box-img\"><img decoding=\"async\" width=\"1749\" height=\"1749\" src=\"https:\/\/aragorputz.eus\/wp-content\/uploads\/2025\/11\/Ilargi-faseak.png\" class=\"attachment-full size-full wp-image-4375\" alt=\"\" srcset=\"https:\/\/aragorputz.eus\/wp-content\/uploads\/2025\/11\/Ilargi-faseak.png 1749w, https:\/\/aragorputz.eus\/wp-content\/uploads\/2025\/11\/Ilargi-faseak-800x800.png 800w, https:\/\/aragorputz.eus\/wp-content\/uploads\/2025\/11\/Ilargi-faseak-600x600.png 600w, https:\/\/aragorputz.eus\/wp-content\/uploads\/2025\/11\/Ilargi-faseak-768x768.png 768w, https:\/\/aragorputz.eus\/wp-content\/uploads\/2025\/11\/Ilargi-faseak-1536x1536.png 1536w\" sizes=\"(max-width: 1749px) 100vw, 1749px\" \/><\/figure><div class=\"elementor-image-box-content\"><h2 class=\"elementor-image-box-title\">Ecofeminismo<\/h2><p class=\"elementor-image-box-description\">Si abrimos un poco m\u00e1s la mirada, hay mucha vida m\u00e1s all\u00e1 de lo humano, y Gaia, la madre tierra, se ocupa de un mont\u00f3n de procesos indispensables para que la vida, tal y como la conocemos, siga ocurriendo. Esta perspectiva es imprescindible para poder seguir trabajando para el buen-vivir de todes.<br><br>En esta secci\u00f3n encuentras los recursos que, en colaboraci\u00f3n con Labore Txingudi y Ma\u00efa Permacultura hemos ido desarrollando.<\/p><\/div><\/div>\t\t\t\t<\/div>\n\t\t\t\t<\/div>\n\t\t\t\t\t<\/div>\n\t\t<\/div>\n\t\t\t\t<div class=\"elementor-column elementor-col-25 elementor-inner-column elementor-element elementor-element-170c8b0\" data-id=\"170c8b0\" data-element_type=\"column\" data-e-type=\"column\">\n\t\t\t<div class=\"elementor-widget-wrap elementor-element-populated\">\n\t\t\t\t\t\t<div class=\"elementor-element elementor-element-2596766 elementor-position-top elementor-widget elementor-widget-image-box\" data-id=\"2596766\" data-element_type=\"widget\" data-e-type=\"widget\" data-widget_type=\"image-box.default\">\n\t\t\t\t<div class=\"elementor-widget-container\">\n\t\t\t\t\t<div class=\"elementor-image-box-wrapper\"><figure class=\"elementor-image-box-img\"><img loading=\"lazy\" decoding=\"async\" width=\"2201\" height=\"2201\" src=\"https:\/\/aragorputz.eus\/wp-content\/uploads\/2025\/11\/Euria.png\" class=\"attachment-full size-full wp-image-4376\" alt=\"\" srcset=\"https:\/\/aragorputz.eus\/wp-content\/uploads\/2025\/11\/Euria.png 2201w, https:\/\/aragorputz.eus\/wp-content\/uploads\/2025\/11\/Euria-800x800.png 800w, https:\/\/aragorputz.eus\/wp-content\/uploads\/2025\/11\/Euria-600x600.png 600w, https:\/\/aragorputz.eus\/wp-content\/uploads\/2025\/11\/Euria-768x768.png 768w, https:\/\/aragorputz.eus\/wp-content\/uploads\/2025\/11\/Euria-1536x1536.png 1536w, https:\/\/aragorputz.eus\/wp-content\/uploads\/2025\/11\/Euria-2048x2048.png 2048w\" sizes=\"(max-width: 2201px) 100vw, 2201px\" \/><\/figure><div class=\"elementor-image-box-content\"><h2 class=\"elementor-image-box-title\">Antiracismo<\/h2><p class=\"elementor-image-box-description\">En este sistema colonial y racista, en el cual la vida de algun*s parece valer m\u00e1s que la de otr*s (tambi\u00e9n m\u00e1s all\u00e1 de lo humano), descolonizarnos a muchos niveles resulta imprescindible para que la vida de todes tenga un valor equitativo. Para ello, con esta linea experimental de trabajo, vamos viendo la importancia de poner este tema encima de la mesa.<br><br>En este apartado encuentras el cuento (con todas las traducciones a distintos idiomas) que hemos creado para trabajar este tema.<br> <\/p><\/div><\/div>\t\t\t\t<\/div>\n\t\t\t\t<\/div>\n\t\t\t\t\t<\/div>\n\t\t<\/div>\n\t\t\t\t\t<\/div>\n\t\t<\/section>\n\t\t\t\t\t<\/div>\n\t\t<\/div>\n\t\t\t\t\t<\/div>\n\t\t<\/section>\n\t\t\t\t<\/div>\n\t\t","protected":false},"excerpt":{"rendered":"<p>Cultura menstrual: (y cultura c\u00edclica) La ciclicidad esta muy presente en las vidas de quienes nacemos con \u00fatero. Desde la [&hellip;]<\/p>\n","protected":false},"author":1,"featured_media":0,"parent":0,"menu_order":0,"comment_status":"closed","ping_status":"closed","template":"","meta":{"site-sidebar-layout":"no-sidebar","site-content-layout":"","ast-site-content-layout":"full-width-container","site-content-style":"default","site-sidebar-style":"default","ast-global-header-display":"","ast-banner-title-visibility":"","ast-main-header-display":"","ast-hfb-above-header-display":"","ast-hfb-below-header-display":"","ast-hfb-mobile-header-display":"","site-post-title":"disabled","ast-breadcrumbs-content":"","ast-featured-img":"disabled","footer-sml-layout":"","ast-disable-related-posts":"","theme-transparent-header-meta":"","adv-header-id-meta":"","stick-header-meta":"","header-above-stick-meta":"","header-main-stick-meta":"","header-below-stick-meta":"","astra-migrate-meta-layouts":"default","ast-page-background-enabled":"default","ast-page-background-meta":{"desktop":{"background-color":"var(--ast-global-color-5)","background-image":"","background-repeat":"repeat","background-position":"center center","background-size":"auto","background-attachment":"scroll","background-type":"","background-media":"","overlay-type":"","overlay-color":"","overlay-opacity":"","overlay-gradient":""},"tablet":{"background-color":"","background-image":"","background-repeat":"repeat","background-position":"center center","background-size":"auto","background-attachment":"scroll","background-type":"","background-media":"","overlay-type":"","overlay-color":"","overlay-opacity":"","overlay-gradient":""},"mobile":{"background-color":"","background-image":"","background-repeat":"repeat","background-position":"center center","background-size":"auto","background-attachment":"scroll","background-type":"","background-media":"","overlay-type":"","overlay-color":"","overlay-opacity":"","overlay-gradient":""}},"ast-content-background-meta":{"desktop":{"background-color":"var(--ast-global-color-4)","background-image":"","background-repeat":"repeat","background-position":"center center","background-size":"auto","background-attachment":"scroll","background-type":"","background-media":"","overlay-type":"","overlay-color":"","overlay-opacity":"","overlay-gradient":""},"tablet":{"background-color":"var(--ast-global-color-4)","background-image":"","background-repeat":"repeat","background-position":"center center","background-size":"auto","background-attachment":"scroll","background-type":"","background-media":"","overlay-type":"","overlay-color":"","overlay-opacity":"","overlay-gradient":""},"mobile":{"background-color":"var(--ast-global-color-4)","background-image":"","background-repeat":"repeat","background-position":"center center","background-size":"auto","background-attachment":"scroll","background-type":"","background-media":"","overlay-type":"","overlay-color":"","overlay-opacity":"","overlay-gradient":""}},"h5ap_radio_sources":[],"footnotes":""},"class_list":["post-5630","page","type-page","status-publish","hentry"],"yoast_head":"<!-- This site is optimized with the Yoast SEO plugin v27.4 - https:\/\/yoast.com\/product\/yoast-seo-wordpress\/ -->\n<title>L\u00edneas de actuaci\u00f3n - Ara!Gorputz<\/title>\n<meta name=\"robots\" content=\"index, follow, max-snippet:-1, max-image-preview:large, max-video-preview:-1\" \/>\n<link rel=\"canonical\" href=\"https:\/\/aragorputz.eus\/es\/lineas-de-actuacion\/\" \/>\n<meta property=\"og:locale\" content=\"es_ES\" \/>\n<meta property=\"og:type\" content=\"article\" \/>\n<meta property=\"og:title\" content=\"L\u00edneas de actuaci\u00f3n - Ara!Gorputz\" \/>\n<meta property=\"og:description\" content=\"Cultura menstrual: (y cultura c\u00edclica) La ciclicidad esta muy presente en las vidas de quienes nacemos con \u00fatero. Desde la [&hellip;]\" \/>\n<meta property=\"og:url\" content=\"https:\/\/aragorputz.eus\/es\/lineas-de-actuacion\/\" \/>\n<meta property=\"og:site_name\" content=\"Ara!Gorputz\" \/>\n<meta property=\"article:modified_time\" content=\"2026-02-02T15:12:41+00:00\" \/>\n<meta property=\"og:image\" content=\"https:\/\/aragorputz.eus\/wp-content\/uploads\/2024\/02\/Sumendia.png\" \/>\n\t<meta property=\"og:image:width\" content=\"1749\" \/>\n\t<meta property=\"og:image:height\" content=\"1749\" \/>\n\t<meta property=\"og:image:type\" content=\"image\/png\" \/>\n<meta name=\"twitter:card\" content=\"summary_large_image\" \/>\n<meta name=\"twitter:label1\" content=\"Tiempo de lectura\" \/>\n\t<meta name=\"twitter:data1\" content=\"3 minutos\" \/>\n<script type=\"application\/ld+json\" class=\"yoast-schema-graph\">{\"@context\":\"https:\\\/\\\/schema.org\",\"@graph\":[{\"@type\":\"WebPage\",\"@id\":\"https:\\\/\\\/aragorputz.eus\\\/es\\\/lineas-de-actuacion\\\/\",\"url\":\"https:\\\/\\\/aragorputz.eus\\\/es\\\/lineas-de-actuacion\\\/\",\"name\":\"L\u00edneas de actuaci\u00f3n - Ara!Gorputz\",\"isPartOf\":{\"@id\":\"https:\\\/\\\/aragorputz.eus\\\/es\\\/#website\"},\"primaryImageOfPage\":{\"@id\":\"https:\\\/\\\/aragorputz.eus\\\/es\\\/lineas-de-actuacion\\\/#primaryimage\"},\"image\":{\"@id\":\"https:\\\/\\\/aragorputz.eus\\\/es\\\/lineas-de-actuacion\\\/#primaryimage\"},\"thumbnailUrl\":\"https:\\\/\\\/aragorputz.eus\\\/wp-content\\\/uploads\\\/2024\\\/02\\\/Sumendia.png\",\"datePublished\":\"2026-02-02T14:29:26+00:00\",\"dateModified\":\"2026-02-02T15:12:41+00:00\",\"breadcrumb\":{\"@id\":\"https:\\\/\\\/aragorputz.eus\\\/es\\\/lineas-de-actuacion\\\/#breadcrumb\"},\"inLanguage\":\"es\",\"potentialAction\":[{\"@type\":\"ReadAction\",\"target\":[\"https:\\\/\\\/aragorputz.eus\\\/es\\\/lineas-de-actuacion\\\/\"]}]},{\"@type\":\"ImageObject\",\"inLanguage\":\"es\",\"@id\":\"https:\\\/\\\/aragorputz.eus\\\/es\\\/lineas-de-actuacion\\\/#primaryimage\",\"url\":\"https:\\\/\\\/aragorputz.eus\\\/wp-content\\\/uploads\\\/2024\\\/02\\\/Sumendia.png\",\"contentUrl\":\"https:\\\/\\\/aragorputz.eus\\\/wp-content\\\/uploads\\\/2024\\\/02\\\/Sumendia.png\"},{\"@type\":\"BreadcrumbList\",\"@id\":\"https:\\\/\\\/aragorputz.eus\\\/es\\\/lineas-de-actuacion\\\/#breadcrumb\",\"itemListElement\":[{\"@type\":\"ListItem\",\"position\":1,\"name\":\"Home\",\"item\":\"https:\\\/\\\/aragorputz.eus\\\/es\\\/\"},{\"@type\":\"ListItem\",\"position\":2,\"name\":\"L\u00edneas de actuaci\u00f3n\"}]},{\"@type\":\"WebSite\",\"@id\":\"https:\\\/\\\/aragorputz.eus\\\/es\\\/#website\",\"url\":\"https:\\\/\\\/aragorputz.eus\\\/es\\\/\",\"name\":\"Ara!Gorputz\",\"description\":\"Gorputzak, erdigunean\",\"publisher\":{\"@id\":\"https:\\\/\\\/aragorputz.eus\\\/es\\\/#organization\"},\"potentialAction\":[{\"@type\":\"SearchAction\",\"target\":{\"@type\":\"EntryPoint\",\"urlTemplate\":\"https:\\\/\\\/aragorputz.eus\\\/es\\\/?s={search_term_string}\"},\"query-input\":{\"@type\":\"PropertyValueSpecification\",\"valueRequired\":true,\"valueName\":\"search_term_string\"}}],\"inLanguage\":\"es\"},{\"@type\":\"Organization\",\"@id\":\"https:\\\/\\\/aragorputz.eus\\\/es\\\/#organization\",\"name\":\"Ara!Gorputz\",\"url\":\"https:\\\/\\\/aragorputz.eus\\\/es\\\/\",\"logo\":{\"@type\":\"ImageObject\",\"inLanguage\":\"es\",\"@id\":\"https:\\\/\\\/aragorputz.eus\\\/es\\\/#\\\/schema\\\/logo\\\/image\\\/\",\"url\":\"https:\\\/\\\/aragorputz.eus\\\/wp-content\\\/uploads\\\/2026\\\/01\\\/Logo.svg\",\"contentUrl\":\"https:\\\/\\\/aragorputz.eus\\\/wp-content\\\/uploads\\\/2026\\\/01\\\/Logo.svg\",\"width\":242,\"height\":320,\"caption\":\"Ara!Gorputz\"},\"image\":{\"@id\":\"https:\\\/\\\/aragorputz.eus\\\/es\\\/#\\\/schema\\\/logo\\\/image\\\/\"}}]}<\/script>\n<!-- \/ Yoast SEO plugin. -->","yoast_head_json":{"title":"L\u00edneas de actuaci\u00f3n - Ara!Gorputz","robots":{"index":"index","follow":"follow","max-snippet":"max-snippet:-1","max-image-preview":"max-image-preview:large","max-video-preview":"max-video-preview:-1"},"canonical":"https:\/\/aragorputz.eus\/es\/lineas-de-actuacion\/","og_locale":"es_ES","og_type":"article","og_title":"L\u00edneas de actuaci\u00f3n - Ara!Gorputz","og_description":"Cultura menstrual: (y cultura c\u00edclica) La ciclicidad esta muy presente en las vidas de quienes nacemos con \u00fatero. Desde la [&hellip;]","og_url":"https:\/\/aragorputz.eus\/es\/lineas-de-actuacion\/","og_site_name":"Ara!Gorputz","article_modified_time":"2026-02-02T15:12:41+00:00","og_image":[{"width":1749,"height":1749,"url":"https:\/\/aragorputz.eus\/wp-content\/uploads\/2024\/02\/Sumendia.png","type":"image\/png"}],"twitter_card":"summary_large_image","twitter_misc":{"Tiempo de lectura":"3 minutos"},"schema":{"@context":"https:\/\/schema.org","@graph":[{"@type":"WebPage","@id":"https:\/\/aragorputz.eus\/es\/lineas-de-actuacion\/","url":"https:\/\/aragorputz.eus\/es\/lineas-de-actuacion\/","name":"L\u00edneas de actuaci\u00f3n - Ara!Gorputz","isPartOf":{"@id":"https:\/\/aragorputz.eus\/es\/#website"},"primaryImageOfPage":{"@id":"https:\/\/aragorputz.eus\/es\/lineas-de-actuacion\/#primaryimage"},"image":{"@id":"https:\/\/aragorputz.eus\/es\/lineas-de-actuacion\/#primaryimage"},"thumbnailUrl":"https:\/\/aragorputz.eus\/wp-content\/uploads\/2024\/02\/Sumendia.png","datePublished":"2026-02-02T14:29:26+00:00","dateModified":"2026-02-02T15:12:41+00:00","breadcrumb":{"@id":"https:\/\/aragorputz.eus\/es\/lineas-de-actuacion\/#breadcrumb"},"inLanguage":"es","potentialAction":[{"@type":"ReadAction","target":["https:\/\/aragorputz.eus\/es\/lineas-de-actuacion\/"]}]},{"@type":"ImageObject","inLanguage":"es","@id":"https:\/\/aragorputz.eus\/es\/lineas-de-actuacion\/#primaryimage","url":"https:\/\/aragorputz.eus\/wp-content\/uploads\/2024\/02\/Sumendia.png","contentUrl":"https:\/\/aragorputz.eus\/wp-content\/uploads\/2024\/02\/Sumendia.png"},{"@type":"BreadcrumbList","@id":"https:\/\/aragorputz.eus\/es\/lineas-de-actuacion\/#breadcrumb","itemListElement":[{"@type":"ListItem","position":1,"name":"Home","item":"https:\/\/aragorputz.eus\/es\/"},{"@type":"ListItem","position":2,"name":"L\u00edneas de actuaci\u00f3n"}]},{"@type":"WebSite","@id":"https:\/\/aragorputz.eus\/es\/#website","url":"https:\/\/aragorputz.eus\/es\/","name":"Ara!Gorputz","description":"Gorputzak, erdigunean","publisher":{"@id":"https:\/\/aragorputz.eus\/es\/#organization"},"potentialAction":[{"@type":"SearchAction","target":{"@type":"EntryPoint","urlTemplate":"https:\/\/aragorputz.eus\/es\/?s={search_term_string}"},"query-input":{"@type":"PropertyValueSpecification","valueRequired":true,"valueName":"search_term_string"}}],"inLanguage":"es"},{"@type":"Organization","@id":"https:\/\/aragorputz.eus\/es\/#organization","name":"Ara!Gorputz","url":"https:\/\/aragorputz.eus\/es\/","logo":{"@type":"ImageObject","inLanguage":"es","@id":"https:\/\/aragorputz.eus\/es\/#\/schema\/logo\/image\/","url":"https:\/\/aragorputz.eus\/wp-content\/uploads\/2026\/01\/Logo.svg","contentUrl":"https:\/\/aragorputz.eus\/wp-content\/uploads\/2026\/01\/Logo.svg","width":242,"height":320,"caption":"Ara!Gorputz"},"image":{"@id":"https:\/\/aragorputz.eus\/es\/#\/schema\/logo\/image\/"}}]}},"_links":{"self":[{"href":"https:\/\/aragorputz.eus\/es\/wp-json\/wp\/v2\/pages\/5630","targetHints":{"allow":["GET"]}}],"collection":[{"href":"https:\/\/aragorputz.eus\/es\/wp-json\/wp\/v2\/pages"}],"about":[{"href":"https:\/\/aragorputz.eus\/es\/wp-json\/wp\/v2\/types\/page"}],"author":[{"embeddable":true,"href":"https:\/\/aragorputz.eus\/es\/wp-json\/wp\/v2\/users\/1"}],"replies":[{"embeddable":true,"href":"https:\/\/aragorputz.eus\/es\/wp-json\/wp\/v2\/comments?post=5630"}],"version-history":[{"count":7,"href":"https:\/\/aragorputz.eus\/es\/wp-json\/wp\/v2\/pages\/5630\/revisions"}],"predecessor-version":[{"id":5651,"href":"https:\/\/aragorputz.eus\/es\/wp-json\/wp\/v2\/pages\/5630\/revisions\/5651"}],"wp:attachment":[{"href":"https:\/\/aragorputz.eus\/es\/wp-json\/wp\/v2\/media?parent=5630"}],"curies":[{"name":"wp","href":"https:\/\/api.w.org\/{rel}","templated":true}]}}