{"id":5620,"date":"2024-04-30T11:35:24","date_gmt":"2024-04-30T09:35:24","guid":{"rendered":"https:\/\/aragorputz.eus\/lan-metodologia\/"},"modified":"2026-02-02T15:44:57","modified_gmt":"2026-02-02T14:44:57","slug":"metodologia","status":"publish","type":"page","link":"https:\/\/aragorputz.eus\/es\/metodologia\/","title":{"rendered":"Metodolog\u00eda"},"content":{"rendered":"\t\t<div data-elementor-type=\"wp-page\" data-elementor-id=\"5620\" class=\"elementor elementor-5620 elementor-2903\" data-elementor-post-type=\"page\">\n\t\t\t\t<div class=\"elementor-element elementor-element-d13b855 e-flex e-con-boxed e-con e-parent\" data-id=\"d13b855\" data-element_type=\"container\" data-e-type=\"container\" data-settings=\"{&quot;background_background&quot;:&quot;classic&quot;,&quot;shape_divider_bottom&quot;:&quot;mountains&quot;}\">\n\t\t\t\t\t<div class=\"e-con-inner\">\n\t\t\t\t<div class=\"elementor-shape elementor-shape-bottom\" aria-hidden=\"true\" data-negative=\"false\">\n\t\t\t<svg xmlns=\"http:\/\/www.w3.org\/2000\/svg\" viewBox=\"0 0 1000 100\" preserveAspectRatio=\"none\">\n\t<path class=\"elementor-shape-fill\" opacity=\"0.33\" d=\"M473,67.3c-203.9,88.3-263.1-34-320.3,0C66,119.1,0,59.7,0,59.7V0h1000v59.7 c0,0-62.1,26.1-94.9,29.3c-32.8,3.3-62.8-12.3-75.8-22.1C806,49.6,745.3,8.7,694.9,4.7S492.4,59,473,67.3z\"\/>\n\t<path class=\"elementor-shape-fill\" opacity=\"0.66\" d=\"M734,67.3c-45.5,0-77.2-23.2-129.1-39.1c-28.6-8.7-150.3-10.1-254,39.1 s-91.7-34.4-149.2,0C115.7,118.3,0,39.8,0,39.8V0h1000v36.5c0,0-28.2-18.5-92.1-18.5C810.2,18.1,775.7,67.3,734,67.3z\"\/>\n\t<path class=\"elementor-shape-fill\" d=\"M766.1,28.9c-200-57.5-266,65.5-395.1,19.5C242,1.8,242,5.4,184.8,20.6C128,35.8,132.3,44.9,89.9,52.5C28.6,63.7,0,0,0,0 h1000c0,0-9.9,40.9-83.6,48.1S829.6,47,766.1,28.9z\"\/>\n<\/svg>\t\t<\/div>\n\t\t<div class=\"elementor-element elementor-element-da3ac0b e-con-full e-flex e-con e-child\" data-id=\"da3ac0b\" data-element_type=\"container\" data-e-type=\"container\">\n\t\t\t\t<div class=\"elementor-element elementor-element-199fe04 elementor-widget__width-initial elementor-widget elementor-widget-heading\" data-id=\"199fe04\" data-element_type=\"widget\" data-e-type=\"widget\" data-widget_type=\"heading.default\">\n\t\t\t\t<div class=\"elementor-widget-container\">\n\t\t\t\t\t<h1 class=\"elementor-heading-title elementor-size-default\">Metodolog\u00eda<\/h1>\t\t\t\t<\/div>\n\t\t\t\t<\/div>\n\t\t\t\t<\/div>\n\t\t\t\t\t<\/div>\n\t\t\t\t<\/div>\n\t\t<div class=\"elementor-element elementor-element-2440b5b e-flex e-con-boxed e-con e-parent\" data-id=\"2440b5b\" data-element_type=\"container\" data-e-type=\"container\">\n\t\t\t\t\t<div class=\"e-con-inner\">\n\t\t<div class=\"elementor-element elementor-element-53ca799 e-con-full e-flex e-con e-child\" data-id=\"53ca799\" data-element_type=\"container\" data-e-type=\"container\">\n\t\t\t\t<div class=\"elementor-element elementor-element-9a2916d elementor-widget elementor-widget-text-editor\" data-id=\"9a2916d\" data-element_type=\"widget\" data-e-type=\"widget\" data-widget_type=\"text-editor.default\">\n\t\t\t\t<div class=\"elementor-widget-container\">\n\t\t\t\t\t\t\t\t\t<p>Trabajamos desde el marco de una pedagog\u00eda popular feminista que incluye:<\/p>\t\t\t\t\t\t\t\t<\/div>\n\t\t\t\t<\/div>\n\t\t<div class=\"elementor-element elementor-element-fd7824e e-con-full e-flex e-con e-child\" data-id=\"fd7824e\" data-element_type=\"container\" data-e-type=\"container\">\n\t\t<div class=\"elementor-element elementor-element-f506664 e-con-full e-flex e-con e-child\" data-id=\"f506664\" data-element_type=\"container\" data-e-type=\"container\">\n\t\t\t\t<div class=\"elementor-element elementor-element-6c3addc elementor-widget elementor-widget-image\" data-id=\"6c3addc\" data-element_type=\"widget\" data-e-type=\"widget\" data-widget_type=\"image.default\">\n\t\t\t\t<div class=\"elementor-widget-container\">\n\t\t\t\t\t\t\t\t\t\t\t\t\t\t\t<img fetchpriority=\"high\" decoding=\"async\" width=\"800\" height=\"800\" src=\"https:\/\/aragorputz.eus\/wp-content\/uploads\/2024\/02\/Bihotza-1024x1024.png\" class=\"attachment-large size-large wp-image-5621\" alt=\"\" srcset=\"https:\/\/aragorputz.eus\/wp-content\/uploads\/2024\/02\/Bihotza-1024x1024.png 1024w, https:\/\/aragorputz.eus\/wp-content\/uploads\/2024\/02\/Bihotza-300x300.png 300w, https:\/\/aragorputz.eus\/wp-content\/uploads\/2024\/02\/Bihotza-150x150.png 150w, https:\/\/aragorputz.eus\/wp-content\/uploads\/2024\/02\/Bihotza-768x768.png 768w, https:\/\/aragorputz.eus\/wp-content\/uploads\/2024\/02\/Bihotza-1536x1536.png 1536w, https:\/\/aragorputz.eus\/wp-content\/uploads\/2024\/02\/Bihotza-2048x2048.png 2048w, https:\/\/aragorputz.eus\/wp-content\/uploads\/2024\/02\/Bihotza-600x600.png 600w\" sizes=\"(max-width: 800px) 100vw, 800px\" \/>\t\t\t\t\t\t\t\t\t\t\t\t\t\t\t<\/div>\n\t\t\t\t<\/div>\n\t\t\t\t<div class=\"elementor-element elementor-element-1ba6200 elementor-widget elementor-widget-text-editor\" data-id=\"1ba6200\" data-element_type=\"widget\" data-e-type=\"widget\" data-widget_type=\"text-editor.default\">\n\t\t\t\t<div class=\"elementor-widget-container\">\n\t\t\t\t\t\t\t\t\t<p>Te acompa\u00f1amos en el proceso de aprendizaje<\/p>\t\t\t\t\t\t\t\t<\/div>\n\t\t\t\t<\/div>\n\t\t\t\t<\/div>\n\t\t<div class=\"elementor-element elementor-element-96e3466 e-con-full e-flex e-con e-child\" data-id=\"96e3466\" data-element_type=\"container\" data-e-type=\"container\">\n\t\t\t\t<div class=\"elementor-element elementor-element-818523b elementor-widget elementor-widget-image\" data-id=\"818523b\" data-element_type=\"widget\" data-e-type=\"widget\" data-widget_type=\"image.default\">\n\t\t\t\t<div class=\"elementor-widget-container\">\n\t\t\t\t\t\t\t\t\t\t\t\t\t\t\t<img decoding=\"async\" width=\"800\" height=\"800\" src=\"https:\/\/aragorputz.eus\/wp-content\/uploads\/2024\/02\/Zuhaitza-1024x1024.png\" class=\"attachment-large size-large wp-image-5622\" alt=\"\" srcset=\"https:\/\/aragorputz.eus\/wp-content\/uploads\/2024\/02\/Zuhaitza-1024x1024.png 1024w, https:\/\/aragorputz.eus\/wp-content\/uploads\/2024\/02\/Zuhaitza-300x300.png 300w, https:\/\/aragorputz.eus\/wp-content\/uploads\/2024\/02\/Zuhaitza-150x150.png 150w, https:\/\/aragorputz.eus\/wp-content\/uploads\/2024\/02\/Zuhaitza-768x768.png 768w, https:\/\/aragorputz.eus\/wp-content\/uploads\/2024\/02\/Zuhaitza-1536x1536.png 1536w, https:\/\/aragorputz.eus\/wp-content\/uploads\/2024\/02\/Zuhaitza-2048x2048.png 2048w, https:\/\/aragorputz.eus\/wp-content\/uploads\/2024\/02\/Zuhaitza-600x600.png 600w\" sizes=\"(max-width: 800px) 100vw, 800px\" \/>\t\t\t\t\t\t\t\t\t\t\t\t\t\t\t<\/div>\n\t\t\t\t<\/div>\n\t\t\t\t<div class=\"elementor-element elementor-element-c10285a elementor-widget elementor-widget-text-editor\" data-id=\"c10285a\" data-element_type=\"widget\" data-e-type=\"widget\" data-widget_type=\"text-editor.default\">\n\t\t\t\t<div class=\"elementor-widget-container\">\n\t\t\t\t\t\t\t\t\t<p>Recuperamos y reconocemos la propia trayectoria vital<\/p>\t\t\t\t\t\t\t\t<\/div>\n\t\t\t\t<\/div>\n\t\t\t\t<\/div>\n\t\t<div class=\"elementor-element elementor-element-db9ae9e e-con-full e-flex e-con e-child\" data-id=\"db9ae9e\" data-element_type=\"container\" data-e-type=\"container\">\n\t\t\t\t<div class=\"elementor-element elementor-element-7dc1dc2 elementor-widget elementor-widget-image\" data-id=\"7dc1dc2\" data-element_type=\"widget\" data-e-type=\"widget\" data-widget_type=\"image.default\">\n\t\t\t\t<div class=\"elementor-widget-container\">\n\t\t\t\t\t\t\t\t\t\t\t\t\t\t\t<img decoding=\"async\" width=\"800\" height=\"800\" src=\"https:\/\/aragorputz.eus\/wp-content\/uploads\/2024\/02\/Lagunak-1-1024x1024.png\" class=\"attachment-large size-large wp-image-5623\" alt=\"\" srcset=\"https:\/\/aragorputz.eus\/wp-content\/uploads\/2024\/02\/Lagunak-1-1024x1024.png 1024w, https:\/\/aragorputz.eus\/wp-content\/uploads\/2024\/02\/Lagunak-1-300x300.png 300w, https:\/\/aragorputz.eus\/wp-content\/uploads\/2024\/02\/Lagunak-1-150x150.png 150w, https:\/\/aragorputz.eus\/wp-content\/uploads\/2024\/02\/Lagunak-1-768x768.png 768w, https:\/\/aragorputz.eus\/wp-content\/uploads\/2024\/02\/Lagunak-1-1536x1536.png 1536w, https:\/\/aragorputz.eus\/wp-content\/uploads\/2024\/02\/Lagunak-1-2048x2048.png 2048w, https:\/\/aragorputz.eus\/wp-content\/uploads\/2024\/02\/Lagunak-1-600x600.png 600w\" sizes=\"(max-width: 800px) 100vw, 800px\" \/>\t\t\t\t\t\t\t\t\t\t\t\t\t\t\t<\/div>\n\t\t\t\t<\/div>\n\t\t\t\t<div class=\"elementor-element elementor-element-a88bdfc elementor-widget elementor-widget-text-editor\" data-id=\"a88bdfc\" data-element_type=\"widget\" data-e-type=\"widget\" data-widget_type=\"text-editor.default\">\n\t\t\t\t<div class=\"elementor-widget-container\">\n\t\t\t\t\t\t\t\t\t<p>Respetamos los ritmos pausados y enroscados<\/p>\t\t\t\t\t\t\t\t<\/div>\n\t\t\t\t<\/div>\n\t\t\t\t<\/div>\n\t\t<div class=\"elementor-element elementor-element-d76ad1c e-con-full e-flex e-con e-child\" data-id=\"d76ad1c\" data-element_type=\"container\" data-e-type=\"container\">\n\t\t\t\t<div class=\"elementor-element elementor-element-589f814 elementor-widget elementor-widget-image\" data-id=\"589f814\" data-element_type=\"widget\" data-e-type=\"widget\" data-widget_type=\"image.default\">\n\t\t\t\t<div class=\"elementor-widget-container\">\n\t\t\t\t\t\t\t\t\t\t\t\t\t\t\t<img loading=\"lazy\" decoding=\"async\" width=\"800\" height=\"800\" src=\"https:\/\/aragorputz.eus\/wp-content\/uploads\/2024\/02\/Burmuina-1024x1024.png\" class=\"attachment-large size-large wp-image-5624\" alt=\"\" srcset=\"https:\/\/aragorputz.eus\/wp-content\/uploads\/2024\/02\/Burmuina-1024x1024.png 1024w, https:\/\/aragorputz.eus\/wp-content\/uploads\/2024\/02\/Burmuina-300x300.png 300w, https:\/\/aragorputz.eus\/wp-content\/uploads\/2024\/02\/Burmuina-150x150.png 150w, https:\/\/aragorputz.eus\/wp-content\/uploads\/2024\/02\/Burmuina-768x768.png 768w, https:\/\/aragorputz.eus\/wp-content\/uploads\/2024\/02\/Burmuina-1536x1536.png 1536w, https:\/\/aragorputz.eus\/wp-content\/uploads\/2024\/02\/Burmuina-2048x2048.png 2048w, https:\/\/aragorputz.eus\/wp-content\/uploads\/2024\/02\/Burmuina-600x600.png 600w\" sizes=\"(max-width: 800px) 100vw, 800px\" \/>\t\t\t\t\t\t\t\t\t\t\t\t\t\t\t<\/div>\n\t\t\t\t<\/div>\n\t\t\t\t<div class=\"elementor-element elementor-element-ac66f56 elementor-widget elementor-widget-text-editor\" data-id=\"ac66f56\" data-element_type=\"widget\" data-e-type=\"widget\" data-widget_type=\"text-editor.default\">\n\t\t\t\t<div class=\"elementor-widget-container\">\n\t\t\t\t\t\t\t\t\t<p>Compartimos procesos de aprendizaje<\/p>\t\t\t\t\t\t\t\t<\/div>\n\t\t\t\t<\/div>\n\t\t\t\t<\/div>\n\t\t<div class=\"elementor-element elementor-element-7464436 e-con-full e-flex e-con e-child\" data-id=\"7464436\" data-element_type=\"container\" data-e-type=\"container\">\n\t\t\t\t<div class=\"elementor-element elementor-element-38ee720 elementor-widget elementor-widget-image\" data-id=\"38ee720\" data-element_type=\"widget\" data-e-type=\"widget\" data-widget_type=\"image.default\">\n\t\t\t\t<div class=\"elementor-widget-container\">\n\t\t\t\t\t\t\t\t\t\t\t\t\t\t\t<img loading=\"lazy\" decoding=\"async\" width=\"800\" height=\"800\" src=\"https:\/\/aragorputz.eus\/wp-content\/uploads\/2024\/02\/Begia-1024x1024.png\" class=\"attachment-large size-large wp-image-5625\" alt=\"\" srcset=\"https:\/\/aragorputz.eus\/wp-content\/uploads\/2024\/02\/Begia-1024x1024.png 1024w, https:\/\/aragorputz.eus\/wp-content\/uploads\/2024\/02\/Begia-300x300.png 300w, https:\/\/aragorputz.eus\/wp-content\/uploads\/2024\/02\/Begia-150x150.png 150w, https:\/\/aragorputz.eus\/wp-content\/uploads\/2024\/02\/Begia-768x768.png 768w, https:\/\/aragorputz.eus\/wp-content\/uploads\/2024\/02\/Begia-1536x1536.png 1536w, https:\/\/aragorputz.eus\/wp-content\/uploads\/2024\/02\/Begia-2048x2048.png 2048w, https:\/\/aragorputz.eus\/wp-content\/uploads\/2024\/02\/Begia-600x600.png 600w\" sizes=\"(max-width: 800px) 100vw, 800px\" \/>\t\t\t\t\t\t\t\t\t\t\t\t\t\t\t<\/div>\n\t\t\t\t<\/div>\n\t\t\t\t<div class=\"elementor-element elementor-element-9ef6782 elementor-widget elementor-widget-text-editor\" data-id=\"9ef6782\" data-element_type=\"widget\" data-e-type=\"widget\" data-widget_type=\"text-editor.default\">\n\t\t\t\t<div class=\"elementor-widget-container\">\n\t\t\t\t\t\t\t\t\t<p>Generamos conocimiento de forma colectiva<\/p>\t\t\t\t\t\t\t\t<\/div>\n\t\t\t\t<\/div>\n\t\t\t\t<\/div>\n\t\t\t\t<\/div>\n\t\t\t\t<\/div>\n\t\t\t\t<div class=\"elementor-element elementor-element-c12c5bc elementor-widget elementor-widget-text-editor\" data-id=\"c12c5bc\" data-element_type=\"widget\" data-e-type=\"widget\" data-widget_type=\"text-editor.default\">\n\t\t\t\t<div class=\"elementor-widget-container\">\n\t\t\t\t\t\t\t\t\t<p>Nuestra metodolog\u00eda es siempre participativa y colaborativa. Creemos que, por todas las vivencias y procesos que hemos vivido, todes tenemos much\u00edsimos saberes muy valiosos dentro. En los espacios que abrimos, tratamos siempre de escuchar a quienes participan e ir complementando con las teor\u00edas relacionadas lo que vamos trabajando. De esta manera, conseguimos recuperar y validar los saberes que tenemos.<\/p>\n<p>Somos acompa\u00f1antes de los procesos, as\u00ed, procuramos que todo lo que hacemos sea lo mas horizontal posible para generas los saberes en colectivo. Procuramos que nuestro ritmos (y el de las sesiones o procesos que desarrollamos) sean lo m\u00e1s tranquilos posibles, sabiendo que el tiempo es tambi\u00e9n c\u00edclico.<\/p>\t\t\t\t\t\t\t\t<\/div>\n\t\t\t\t<\/div>\n\t\t\t\t\t<\/div>\n\t\t\t\t<\/div>\n\t\t\t\t<\/div>\n\t\t","protected":false},"excerpt":{"rendered":"<p>Trabajamos desde el marco de una pedagog\u00eda popular feminista que incluye: Te acompa\u00f1amos en el proceso de aprendizaje Recuperamos y [&hellip;]<\/p>\n","protected":false},"author":2,"featured_media":0,"parent":0,"menu_order":0,"comment_status":"closed","ping_status":"closed","template":"","meta":{"site-sidebar-layout":"default","site-content-layout":"","ast-site-content-layout":"full-width-container","site-content-style":"default","site-sidebar-style":"default","ast-global-header-display":"","ast-banner-title-visibility":"","ast-main-header-display":"","ast-hfb-above-header-display":"","ast-hfb-below-header-display":"","ast-hfb-mobile-header-display":"","site-post-title":"disabled","ast-breadcrumbs-content":"","ast-featured-img":"","footer-sml-layout":"","ast-disable-related-posts":"","theme-transparent-header-meta":"","adv-header-id-meta":"","stick-header-meta":"","header-above-stick-meta":"","header-main-stick-meta":"","header-below-stick-meta":"","astra-migrate-meta-layouts":"default","ast-page-background-enabled":"default","ast-page-background-meta":{"desktop":{"background-color":"var(--ast-global-color-5)","background-image":"","background-repeat":"repeat","background-position":"center center","background-size":"auto","background-attachment":"scroll","background-type":"","background-media":"","overlay-type":"","overlay-color":"","overlay-opacity":"","overlay-gradient":""},"tablet":{"background-color":"","background-image":"","background-repeat":"repeat","background-position":"center center","background-size":"auto","background-attachment":"scroll","background-type":"","background-media":"","overlay-type":"","overlay-color":"","overlay-opacity":"","overlay-gradient":""},"mobile":{"background-color":"","background-image":"","background-repeat":"repeat","background-position":"center center","background-size":"auto","background-attachment":"scroll","background-type":"","background-media":"","overlay-type":"","overlay-color":"","overlay-opacity":"","overlay-gradient":""}},"ast-content-background-meta":{"desktop":{"background-color":"var(--ast-global-color-4)","background-image":"","background-repeat":"repeat","background-position":"center center","background-size":"auto","background-attachment":"scroll","background-type":"","background-media":"","overlay-type":"","overlay-color":"","overlay-opacity":"","overlay-gradient":""},"tablet":{"background-color":"var(--ast-global-color-4)","background-image":"","background-repeat":"repeat","background-position":"center center","background-size":"auto","background-attachment":"scroll","background-type":"","background-media":"","overlay-type":"","overlay-color":"","overlay-opacity":"","overlay-gradient":""},"mobile":{"background-color":"var(--ast-global-color-4)","background-image":"","background-repeat":"repeat","background-position":"center center","background-size":"auto","background-attachment":"scroll","background-type":"","background-media":"","overlay-type":"","overlay-color":"","overlay-opacity":"","overlay-gradient":""}},"h5ap_radio_sources":[],"footnotes":""},"class_list":["post-5620","page","type-page","status-publish","hentry"],"yoast_head":"<!-- This site is optimized with the Yoast SEO plugin v27.4 - https:\/\/yoast.com\/product\/yoast-seo-wordpress\/ -->\n<title>Metodolog\u00eda - Ara!Gorputz<\/title>\n<meta name=\"robots\" content=\"index, follow, max-snippet:-1, max-image-preview:large, max-video-preview:-1\" \/>\n<link rel=\"canonical\" href=\"https:\/\/aragorputz.eus\/es\/metodologia\/\" \/>\n<meta property=\"og:locale\" content=\"es_ES\" \/>\n<meta property=\"og:type\" content=\"article\" \/>\n<meta property=\"og:title\" content=\"Metodolog\u00eda - Ara!Gorputz\" \/>\n<meta property=\"og:description\" content=\"Trabajamos desde el marco de una pedagog\u00eda popular feminista que incluye: Te acompa\u00f1amos en el proceso de aprendizaje Recuperamos y [&hellip;]\" \/>\n<meta property=\"og:url\" content=\"https:\/\/aragorputz.eus\/es\/metodologia\/\" \/>\n<meta property=\"og:site_name\" content=\"Ara!Gorputz\" \/>\n<meta property=\"article:modified_time\" content=\"2026-02-02T14:44:57+00:00\" \/>\n<meta property=\"og:image\" content=\"https:\/\/aragorputz.eus\/wp-content\/uploads\/2024\/02\/Bihotza.png\" \/>\n\t<meta property=\"og:image:width\" content=\"2481\" \/>\n\t<meta property=\"og:image:height\" content=\"2482\" \/>\n\t<meta property=\"og:image:type\" content=\"image\/png\" \/>\n<meta name=\"twitter:card\" content=\"summary_large_image\" \/>\n<meta name=\"twitter:label1\" content=\"Tiempo de lectura\" \/>\n\t<meta name=\"twitter:data1\" content=\"2 minutos\" \/>\n<script type=\"application\/ld+json\" class=\"yoast-schema-graph\">{\"@context\":\"https:\\\/\\\/schema.org\",\"@graph\":[{\"@type\":\"WebPage\",\"@id\":\"https:\\\/\\\/aragorputz.eus\\\/es\\\/metodologia\\\/\",\"url\":\"https:\\\/\\\/aragorputz.eus\\\/es\\\/metodologia\\\/\",\"name\":\"Metodolog\u00eda - Ara!Gorputz\",\"isPartOf\":{\"@id\":\"https:\\\/\\\/aragorputz.eus\\\/es\\\/#website\"},\"primaryImageOfPage\":{\"@id\":\"https:\\\/\\\/aragorputz.eus\\\/es\\\/metodologia\\\/#primaryimage\"},\"image\":{\"@id\":\"https:\\\/\\\/aragorputz.eus\\\/es\\\/metodologia\\\/#primaryimage\"},\"thumbnailUrl\":\"https:\\\/\\\/aragorputz.eus\\\/wp-content\\\/uploads\\\/2024\\\/02\\\/Bihotza-1024x1024.png\",\"datePublished\":\"2024-04-30T09:35:24+00:00\",\"dateModified\":\"2026-02-02T14:44:57+00:00\",\"breadcrumb\":{\"@id\":\"https:\\\/\\\/aragorputz.eus\\\/es\\\/metodologia\\\/#breadcrumb\"},\"inLanguage\":\"es\",\"potentialAction\":[{\"@type\":\"ReadAction\",\"target\":[\"https:\\\/\\\/aragorputz.eus\\\/es\\\/metodologia\\\/\"]}]},{\"@type\":\"ImageObject\",\"inLanguage\":\"es\",\"@id\":\"https:\\\/\\\/aragorputz.eus\\\/es\\\/metodologia\\\/#primaryimage\",\"url\":\"https:\\\/\\\/aragorputz.eus\\\/wp-content\\\/uploads\\\/2024\\\/02\\\/Bihotza-1024x1024.png\",\"contentUrl\":\"https:\\\/\\\/aragorputz.eus\\\/wp-content\\\/uploads\\\/2024\\\/02\\\/Bihotza-1024x1024.png\"},{\"@type\":\"BreadcrumbList\",\"@id\":\"https:\\\/\\\/aragorputz.eus\\\/es\\\/metodologia\\\/#breadcrumb\",\"itemListElement\":[{\"@type\":\"ListItem\",\"position\":1,\"name\":\"Home\",\"item\":\"https:\\\/\\\/aragorputz.eus\\\/es\\\/\"},{\"@type\":\"ListItem\",\"position\":2,\"name\":\"Metodolog\u00eda\"}]},{\"@type\":\"WebSite\",\"@id\":\"https:\\\/\\\/aragorputz.eus\\\/es\\\/#website\",\"url\":\"https:\\\/\\\/aragorputz.eus\\\/es\\\/\",\"name\":\"Ara!Gorputz\",\"description\":\"Gorputzak, erdigunean\",\"publisher\":{\"@id\":\"https:\\\/\\\/aragorputz.eus\\\/es\\\/#organization\"},\"potentialAction\":[{\"@type\":\"SearchAction\",\"target\":{\"@type\":\"EntryPoint\",\"urlTemplate\":\"https:\\\/\\\/aragorputz.eus\\\/es\\\/?s={search_term_string}\"},\"query-input\":{\"@type\":\"PropertyValueSpecification\",\"valueRequired\":true,\"valueName\":\"search_term_string\"}}],\"inLanguage\":\"es\"},{\"@type\":\"Organization\",\"@id\":\"https:\\\/\\\/aragorputz.eus\\\/es\\\/#organization\",\"name\":\"Ara!Gorputz\",\"url\":\"https:\\\/\\\/aragorputz.eus\\\/es\\\/\",\"logo\":{\"@type\":\"ImageObject\",\"inLanguage\":\"es\",\"@id\":\"https:\\\/\\\/aragorputz.eus\\\/es\\\/#\\\/schema\\\/logo\\\/image\\\/\",\"url\":\"https:\\\/\\\/aragorputz.eus\\\/wp-content\\\/uploads\\\/2026\\\/01\\\/Logo.svg\",\"contentUrl\":\"https:\\\/\\\/aragorputz.eus\\\/wp-content\\\/uploads\\\/2026\\\/01\\\/Logo.svg\",\"width\":242,\"height\":320,\"caption\":\"Ara!Gorputz\"},\"image\":{\"@id\":\"https:\\\/\\\/aragorputz.eus\\\/es\\\/#\\\/schema\\\/logo\\\/image\\\/\"}}]}<\/script>\n<!-- \/ Yoast SEO plugin. -->","yoast_head_json":{"title":"Metodolog\u00eda - Ara!Gorputz","robots":{"index":"index","follow":"follow","max-snippet":"max-snippet:-1","max-image-preview":"max-image-preview:large","max-video-preview":"max-video-preview:-1"},"canonical":"https:\/\/aragorputz.eus\/es\/metodologia\/","og_locale":"es_ES","og_type":"article","og_title":"Metodolog\u00eda - Ara!Gorputz","og_description":"Trabajamos desde el marco de una pedagog\u00eda popular feminista que incluye: Te acompa\u00f1amos en el proceso de aprendizaje Recuperamos y [&hellip;]","og_url":"https:\/\/aragorputz.eus\/es\/metodologia\/","og_site_name":"Ara!Gorputz","article_modified_time":"2026-02-02T14:44:57+00:00","og_image":[{"width":2481,"height":2482,"url":"https:\/\/aragorputz.eus\/wp-content\/uploads\/2024\/02\/Bihotza.png","type":"image\/png"}],"twitter_card":"summary_large_image","twitter_misc":{"Tiempo de lectura":"2 minutos"},"schema":{"@context":"https:\/\/schema.org","@graph":[{"@type":"WebPage","@id":"https:\/\/aragorputz.eus\/es\/metodologia\/","url":"https:\/\/aragorputz.eus\/es\/metodologia\/","name":"Metodolog\u00eda - Ara!Gorputz","isPartOf":{"@id":"https:\/\/aragorputz.eus\/es\/#website"},"primaryImageOfPage":{"@id":"https:\/\/aragorputz.eus\/es\/metodologia\/#primaryimage"},"image":{"@id":"https:\/\/aragorputz.eus\/es\/metodologia\/#primaryimage"},"thumbnailUrl":"https:\/\/aragorputz.eus\/wp-content\/uploads\/2024\/02\/Bihotza-1024x1024.png","datePublished":"2024-04-30T09:35:24+00:00","dateModified":"2026-02-02T14:44:57+00:00","breadcrumb":{"@id":"https:\/\/aragorputz.eus\/es\/metodologia\/#breadcrumb"},"inLanguage":"es","potentialAction":[{"@type":"ReadAction","target":["https:\/\/aragorputz.eus\/es\/metodologia\/"]}]},{"@type":"ImageObject","inLanguage":"es","@id":"https:\/\/aragorputz.eus\/es\/metodologia\/#primaryimage","url":"https:\/\/aragorputz.eus\/wp-content\/uploads\/2024\/02\/Bihotza-1024x1024.png","contentUrl":"https:\/\/aragorputz.eus\/wp-content\/uploads\/2024\/02\/Bihotza-1024x1024.png"},{"@type":"BreadcrumbList","@id":"https:\/\/aragorputz.eus\/es\/metodologia\/#breadcrumb","itemListElement":[{"@type":"ListItem","position":1,"name":"Home","item":"https:\/\/aragorputz.eus\/es\/"},{"@type":"ListItem","position":2,"name":"Metodolog\u00eda"}]},{"@type":"WebSite","@id":"https:\/\/aragorputz.eus\/es\/#website","url":"https:\/\/aragorputz.eus\/es\/","name":"Ara!Gorputz","description":"Gorputzak, erdigunean","publisher":{"@id":"https:\/\/aragorputz.eus\/es\/#organization"},"potentialAction":[{"@type":"SearchAction","target":{"@type":"EntryPoint","urlTemplate":"https:\/\/aragorputz.eus\/es\/?s={search_term_string}"},"query-input":{"@type":"PropertyValueSpecification","valueRequired":true,"valueName":"search_term_string"}}],"inLanguage":"es"},{"@type":"Organization","@id":"https:\/\/aragorputz.eus\/es\/#organization","name":"Ara!Gorputz","url":"https:\/\/aragorputz.eus\/es\/","logo":{"@type":"ImageObject","inLanguage":"es","@id":"https:\/\/aragorputz.eus\/es\/#\/schema\/logo\/image\/","url":"https:\/\/aragorputz.eus\/wp-content\/uploads\/2026\/01\/Logo.svg","contentUrl":"https:\/\/aragorputz.eus\/wp-content\/uploads\/2026\/01\/Logo.svg","width":242,"height":320,"caption":"Ara!Gorputz"},"image":{"@id":"https:\/\/aragorputz.eus\/es\/#\/schema\/logo\/image\/"}}]}},"_links":{"self":[{"href":"https:\/\/aragorputz.eus\/es\/wp-json\/wp\/v2\/pages\/5620","targetHints":{"allow":["GET"]}}],"collection":[{"href":"https:\/\/aragorputz.eus\/es\/wp-json\/wp\/v2\/pages"}],"about":[{"href":"https:\/\/aragorputz.eus\/es\/wp-json\/wp\/v2\/types\/page"}],"author":[{"embeddable":true,"href":"https:\/\/aragorputz.eus\/es\/wp-json\/wp\/v2\/users\/2"}],"replies":[{"embeddable":true,"href":"https:\/\/aragorputz.eus\/es\/wp-json\/wp\/v2\/comments?post=5620"}],"version-history":[{"count":7,"href":"https:\/\/aragorputz.eus\/es\/wp-json\/wp\/v2\/pages\/5620\/revisions"}],"predecessor-version":[{"id":5638,"href":"https:\/\/aragorputz.eus\/es\/wp-json\/wp\/v2\/pages\/5620\/revisions\/5638"}],"wp:attachment":[{"href":"https:\/\/aragorputz.eus\/es\/wp-json\/wp\/v2\/media?parent=5620"}],"curies":[{"name":"wp","href":"https:\/\/api.w.org\/{rel}","templated":true}]}}